{"id":22,"date":"2022-11-22T19:57:37","date_gmt":"2022-11-22T19:57:37","guid":{"rendered":"https:\/\/okulservisi.com.tr\/blog\/?page_id=22"},"modified":"2022-11-22T20:17:32","modified_gmt":"2022-11-22T20:17:32","slug":"yardim","status":"publish","type":"page","link":"https:\/\/okulservisi.com.tr\/blog\/yardim\/","title":{"rendered":"Yard\u0131m"},"content":{"rendered":"\n<p>Okul Servisi \/ Servis Konum Kullan\u0131m\u0131 i\u00e7in yap\u0131lmas\u0131 gerekenler<\/p>\n\n\n\n<p>Mobil Uygulama<\/p>\n\n\n\n<p>\u00dcye giri\u015fi yapt\u0131ktan sonra \u0130lk yapman\u0131z gereken Hizmet b\u00f6lgesi eklemektir. bunun i\u00e7in sayfan\u0131n en alt\u0131na bir talimat ekledik. <strong>Hizmet b\u00f6lgesi<\/strong> ekleyerek b\u00f6lgenizde servis arayanlar sizleri kolayl\u0131kla bulabilirler. unutmay\u0131n. hizmet vermedi\u011finiz b\u00f6lgeleri eklemeyiniz. hizmet b\u00f6lgesini eklemek i\u00e7in hizmet b\u00f6lgesi sekmesini kullabilirsiniz. servis konum hizmeti i\u00e7in yap\u0131lmas\u0131 gerekenleri s\u0131ras\u0131yla i\u015fledik<\/p>\n\n\n\n<p><strong>1-T\u00fcm s\u00fcr\u00fcc\u00fclere giderek S\u00fcr\u00fcc\u00fc ekleyin.<\/strong><\/p>\n\n\n\n<figure class=\"wp-block-image size-large\"><img loading=\"lazy\" decoding=\"async\" width=\"473\" height=\"1024\" src=\"https:\/\/okulservisi.com.tr\/blog\/wp-content\/uploads\/2022\/11\/image-473x1024.png\" alt=\"\" class=\"wp-image-25\" srcset=\"https:\/\/okulservisi.com.tr\/blog\/wp-content\/uploads\/2022\/11\/image-473x1024.png 473w, https:\/\/okulservisi.com.tr\/blog\/wp-content\/uploads\/2022\/11\/image-139x300.png 139w, https:\/\/okulservisi.com.tr\/blog\/wp-content\/uploads\/2022\/11\/image-768x1662.png 768w, https:\/\/okulservisi.com.tr\/blog\/wp-content\/uploads\/2022\/11\/image-710x1536.png 710w, https:\/\/okulservisi.com.tr\/blog\/wp-content\/uploads\/2022\/11\/image-946x2048.png 946w, https:\/\/okulservisi.com.tr\/blog\/wp-content\/uploads\/2022\/11\/image.png 1170w\" sizes=\"auto, (max-width: 473px) 100vw, 473px\" \/><\/figure>\n\n\n\n<p>S\u00fcr\u00fcc\u00fc Eklerken Telefon numaras\u0131 \u00fczerinden daha \u00f6nce kay\u0131tl\u0131 bir s\u00fcr\u00fcc\u00fcm\u00fc kontrol\u00fc yap\u0131p sonra ekleme yapar.  s\u00fcr\u00fcc\u00fcler birden fazla firma ile \u00e7al\u0131\u015fabileceklerinden baska firma daha \u00f6nce kay\u0131t ettiyse yeni hesap olu\u015fturmadan size eklenecektir. daha \u00f6nce kay\u0131t olmad\u0131ysa yeni hesap olu\u015fturup giri\u015f \u015fifresi telefonuna <strong>SMS<\/strong> iletilecektir.<\/p>\n\n\n\n<p><strong>2. Ara\u00e7 Ekle; <\/strong>T\u00fcm Ara\u00e7lar sekmesinden yeni arac ekleyin.<\/p>\n\n\n\n<figure class=\"wp-block-image size-large\"><img loading=\"lazy\" decoding=\"async\" width=\"473\" height=\"1024\" src=\"https:\/\/okulservisi.com.tr\/blog\/wp-content\/uploads\/2022\/11\/image-1-473x1024.png\" alt=\"\" class=\"wp-image-26\" srcset=\"https:\/\/okulservisi.com.tr\/blog\/wp-content\/uploads\/2022\/11\/image-1-473x1024.png 473w, https:\/\/okulservisi.com.tr\/blog\/wp-content\/uploads\/2022\/11\/image-1-139x300.png 139w, https:\/\/okulservisi.com.tr\/blog\/wp-content\/uploads\/2022\/11\/image-1-768x1662.png 768w, https:\/\/okulservisi.com.tr\/blog\/wp-content\/uploads\/2022\/11\/image-1-710x1536.png 710w, https:\/\/okulservisi.com.tr\/blog\/wp-content\/uploads\/2022\/11\/image-1-946x2048.png 946w, https:\/\/okulservisi.com.tr\/blog\/wp-content\/uploads\/2022\/11\/image-1.png 1170w\" sizes=\"auto, (max-width: 473px) 100vw, 473px\" \/><\/figure>\n\n\n\n<p><strong>3. Okul Ekle;<\/strong> Kay\u0131tl\u0131 Okullar sekmesinden \u00e7al\u0131\u015faca\u011f\u0131n\u0131z okulu ekleyin. Unutmay\u0131n Okul eklerken asl\u0131nda yeni bir hesap olu\u015fturmaktas\u0131n\u0131z. olu\u015fturulan okul hesab\u0131 ile okul y\u00f6neticisi giri\u015f yap\u0131p raporlar alabilir. daha \u00f6nce kay\u0131tl\u0131 bir okul varsa mail adresi \u00fczerinden sorgulanacak ve kay\u0131tl\u0131 kullan\u0131c\u0131 sizede eklenecektir.<\/p>\n\n\n\n<figure class=\"wp-block-image size-large\"><img loading=\"lazy\" decoding=\"async\" width=\"473\" height=\"1024\" src=\"https:\/\/okulservisi.com.tr\/blog\/wp-content\/uploads\/2022\/11\/image-2-473x1024.png\" alt=\"\" class=\"wp-image-27\" srcset=\"https:\/\/okulservisi.com.tr\/blog\/wp-content\/uploads\/2022\/11\/image-2-473x1024.png 473w, https:\/\/okulservisi.com.tr\/blog\/wp-content\/uploads\/2022\/11\/image-2-139x300.png 139w, https:\/\/okulservisi.com.tr\/blog\/wp-content\/uploads\/2022\/11\/image-2-768x1662.png 768w, https:\/\/okulservisi.com.tr\/blog\/wp-content\/uploads\/2022\/11\/image-2-710x1536.png 710w, https:\/\/okulservisi.com.tr\/blog\/wp-content\/uploads\/2022\/11\/image-2-946x2048.png 946w, https:\/\/okulservisi.com.tr\/blog\/wp-content\/uploads\/2022\/11\/image-2.png 1170w\" sizes=\"auto, (max-width: 473px) 100vw, 473px\" \/><\/figure>\n\n\n\n<figure class=\"wp-block-image size-large\"><img loading=\"lazy\" decoding=\"async\" width=\"473\" height=\"1024\" src=\"https:\/\/okulservisi.com.tr\/blog\/wp-content\/uploads\/2022\/11\/image-3-473x1024.png\" alt=\"\" class=\"wp-image-28\" srcset=\"https:\/\/okulservisi.com.tr\/blog\/wp-content\/uploads\/2022\/11\/image-3-473x1024.png 473w, https:\/\/okulservisi.com.tr\/blog\/wp-content\/uploads\/2022\/11\/image-3-139x300.png 139w, https:\/\/okulservisi.com.tr\/blog\/wp-content\/uploads\/2022\/11\/image-3-768x1662.png 768w, https:\/\/okulservisi.com.tr\/blog\/wp-content\/uploads\/2022\/11\/image-3-710x1536.png 710w, https:\/\/okulservisi.com.tr\/blog\/wp-content\/uploads\/2022\/11\/image-3-946x2048.png 946w, https:\/\/okulservisi.com.tr\/blog\/wp-content\/uploads\/2022\/11\/image-3.png 1170w\" sizes=\"auto, (max-width: 473px) 100vw, 473px\" \/><\/figure>\n\n\n\n<p><strong>4. Servis Ekle:<\/strong> T\u00fcm servisler sekmesinden yeni servis ekleyin. eklenen servisleri canl\u0131 takip edin rapor al\u0131n.<\/p>\n\n\n\n<figure class=\"wp-block-image size-large\"><img loading=\"lazy\" decoding=\"async\" width=\"473\" height=\"1024\" src=\"https:\/\/okulservisi.com.tr\/blog\/wp-content\/uploads\/2022\/11\/image-4-473x1024.png\" alt=\"\" class=\"wp-image-29\" srcset=\"https:\/\/okulservisi.com.tr\/blog\/wp-content\/uploads\/2022\/11\/image-4-473x1024.png 473w, https:\/\/okulservisi.com.tr\/blog\/wp-content\/uploads\/2022\/11\/image-4-139x300.png 139w, https:\/\/okulservisi.com.tr\/blog\/wp-content\/uploads\/2022\/11\/image-4-768x1662.png 768w, https:\/\/okulservisi.com.tr\/blog\/wp-content\/uploads\/2022\/11\/image-4-710x1536.png 710w, https:\/\/okulservisi.com.tr\/blog\/wp-content\/uploads\/2022\/11\/image-4-946x2048.png 946w, https:\/\/okulservisi.com.tr\/blog\/wp-content\/uploads\/2022\/11\/image-4.png 1170w\" sizes=\"auto, (max-width: 473px) 100vw, 473px\" \/><\/figure>\n\n\n\n<figure class=\"wp-block-image size-large\"><img loading=\"lazy\" decoding=\"async\" width=\"473\" height=\"1024\" src=\"https:\/\/okulservisi.com.tr\/blog\/wp-content\/uploads\/2022\/11\/image-5-473x1024.png\" alt=\"\" class=\"wp-image-30\" srcset=\"https:\/\/okulservisi.com.tr\/blog\/wp-content\/uploads\/2022\/11\/image-5-473x1024.png 473w, https:\/\/okulservisi.com.tr\/blog\/wp-content\/uploads\/2022\/11\/image-5-139x300.png 139w, https:\/\/okulservisi.com.tr\/blog\/wp-content\/uploads\/2022\/11\/image-5-768x1662.png 768w, https:\/\/okulservisi.com.tr\/blog\/wp-content\/uploads\/2022\/11\/image-5-710x1536.png 710w, https:\/\/okulservisi.com.tr\/blog\/wp-content\/uploads\/2022\/11\/image-5-946x2048.png 946w, https:\/\/okulservisi.com.tr\/blog\/wp-content\/uploads\/2022\/11\/image-5.png 1170w\" sizes=\"auto, (max-width: 473px) 100vw, 473px\" \/><\/figure>\n\n\n\n<p><strong>5. Yeni M\u00fc\u015fteri:<\/strong> M\u00fc\u015fteriler sizinle \u00e7al\u0131\u015fan velilerdir. velilerin \u00e7ocuklar\u0131 ayr\u0131ca eklenmesi gerekmektedir. velilere atanan \u00f6\u011frenciler servislere atanacak ve servislerin atand\u0131\u011f\u0131 s\u00f6f\u00f6rlerin ekran\u0131na yans\u0131yacakt\u0131r.<\/p>\n\n\n\n<figure class=\"wp-block-image size-large\"><img loading=\"lazy\" decoding=\"async\" width=\"473\" height=\"1024\" src=\"https:\/\/okulservisi.com.tr\/blog\/wp-content\/uploads\/2022\/11\/image-6-473x1024.png\" alt=\"\" class=\"wp-image-31\" srcset=\"https:\/\/okulservisi.com.tr\/blog\/wp-content\/uploads\/2022\/11\/image-6-473x1024.png 473w, https:\/\/okulservisi.com.tr\/blog\/wp-content\/uploads\/2022\/11\/image-6-139x300.png 139w, https:\/\/okulservisi.com.tr\/blog\/wp-content\/uploads\/2022\/11\/image-6-768x1662.png 768w, https:\/\/okulservisi.com.tr\/blog\/wp-content\/uploads\/2022\/11\/image-6-710x1536.png 710w, https:\/\/okulservisi.com.tr\/blog\/wp-content\/uploads\/2022\/11\/image-6-946x2048.png 946w, https:\/\/okulservisi.com.tr\/blog\/wp-content\/uploads\/2022\/11\/image-6.png 1170w\" sizes=\"auto, (max-width: 473px) 100vw, 473px\" \/><\/figure>\n\n\n\n<figure class=\"wp-block-image size-large\"><img loading=\"lazy\" decoding=\"async\" width=\"473\" height=\"1024\" src=\"https:\/\/okulservisi.com.tr\/blog\/wp-content\/uploads\/2022\/11\/image-7-473x1024.png\" alt=\"\" class=\"wp-image-32\" srcset=\"https:\/\/okulservisi.com.tr\/blog\/wp-content\/uploads\/2022\/11\/image-7-473x1024.png 473w, https:\/\/okulservisi.com.tr\/blog\/wp-content\/uploads\/2022\/11\/image-7-139x300.png 139w, https:\/\/okulservisi.com.tr\/blog\/wp-content\/uploads\/2022\/11\/image-7-768x1662.png 768w, https:\/\/okulservisi.com.tr\/blog\/wp-content\/uploads\/2022\/11\/image-7-710x1536.png 710w, https:\/\/okulservisi.com.tr\/blog\/wp-content\/uploads\/2022\/11\/image-7-946x2048.png 946w, https:\/\/okulservisi.com.tr\/blog\/wp-content\/uploads\/2022\/11\/image-7.png 1170w\" sizes=\"auto, (max-width: 473px) 100vw, 473px\" \/><\/figure>\n\n\n\n<p><strong>6. Servis Kullananlar sekmesinden aidatlar\u0131 takip edebilir. \u00f6deme ekleyebilirsiniz.<\/strong><\/p>\n\n\n\n<figure class=\"wp-block-image size-large\"><img loading=\"lazy\" decoding=\"async\" width=\"473\" height=\"1024\" src=\"https:\/\/okulservisi.com.tr\/blog\/wp-content\/uploads\/2022\/11\/image-8-473x1024.png\" alt=\"\" class=\"wp-image-33\" srcset=\"https:\/\/okulservisi.com.tr\/blog\/wp-content\/uploads\/2022\/11\/image-8-473x1024.png 473w, https:\/\/okulservisi.com.tr\/blog\/wp-content\/uploads\/2022\/11\/image-8-139x300.png 139w, https:\/\/okulservisi.com.tr\/blog\/wp-content\/uploads\/2022\/11\/image-8-768x1662.png 768w, https:\/\/okulservisi.com.tr\/blog\/wp-content\/uploads\/2022\/11\/image-8-710x1536.png 710w, https:\/\/okulservisi.com.tr\/blog\/wp-content\/uploads\/2022\/11\/image-8-946x2048.png 946w, https:\/\/okulservisi.com.tr\/blog\/wp-content\/uploads\/2022\/11\/image-8.png 1170w\" sizes=\"auto, (max-width: 473px) 100vw, 473px\" \/><\/figure>\n\n\n\n<p>Ba\u015fta bahsetti\u011fimiz gibi Hizmet B\u00f6lgesi Ekleyerek M\u00fc\u015fterilerinizin ba\u015fka firmalara gitmeden sizi bulmalar\u0131n\u0131 sa\u011flayabilirsiniz.<\/p>\n\n\n\n<p><strong>Hizmet b\u00f6lgesi Ekle<\/strong><\/p>\n\n\n\n<figure class=\"wp-block-image size-large\"><img loading=\"lazy\" decoding=\"async\" width=\"473\" height=\"1024\" src=\"https:\/\/okulservisi.com.tr\/blog\/wp-content\/uploads\/2022\/11\/image-9-473x1024.png\" alt=\"\" class=\"wp-image-34\" srcset=\"https:\/\/okulservisi.com.tr\/blog\/wp-content\/uploads\/2022\/11\/image-9-473x1024.png 473w, https:\/\/okulservisi.com.tr\/blog\/wp-content\/uploads\/2022\/11\/image-9-139x300.png 139w, https:\/\/okulservisi.com.tr\/blog\/wp-content\/uploads\/2022\/11\/image-9-768x1662.png 768w, https:\/\/okulservisi.com.tr\/blog\/wp-content\/uploads\/2022\/11\/image-9-710x1536.png 710w, https:\/\/okulservisi.com.tr\/blog\/wp-content\/uploads\/2022\/11\/image-9-946x2048.png 946w, https:\/\/okulservisi.com.tr\/blog\/wp-content\/uploads\/2022\/11\/image-9.png 1170w\" sizes=\"auto, (max-width: 473px) 100vw, 473px\" \/><\/figure>\n","protected":false},"excerpt":{"rendered":"<p>Okul Servisi \/ Servis Konum Kullan\u0131m\u0131 i\u00e7in yap\u0131lmas\u0131 gerekenler Mobil Uygulama \u00dcye giri\u015fi yapt\u0131ktan sonra \u0130lk yapman\u0131z gereken Hizmet b\u00f6lgesi eklemektir. bunun i\u00e7in sayfan\u0131n en alt\u0131na bir talimat ekledik. Hizmet b\u00f6lgesi ekleyerek b\u00f6lgenizde servis arayanlar sizleri kolayl\u0131kla bulabilirler. unutmay\u0131n. hizmet vermedi\u011finiz b\u00f6lgeleri eklemeyiniz. hizmet b\u00f6lgesini eklemek i\u00e7in hizmet b\u00f6lgesi sekmesini kullabilirsiniz. servis konum hizmeti i\u00e7in [&hellip;]<\/p>\n","protected":false},"author":1,"featured_media":11,"parent":0,"menu_order":0,"comment_status":"closed","ping_status":"closed","template":"","meta":{"footnotes":""},"class_list":["post-22","page","type-page","status-publish","has-post-thumbnail","hentry"],"yoast_head":"<!-- This site is optimized with the Yoast SEO plugin v19.8 - https:\/\/yoast.com\/wordpress\/plugins\/seo\/ -->\n<title>Yard\u0131m - Okul Servisi Blog<\/title>\n<meta name=\"robots\" content=\"index, follow, max-snippet:-1, max-image-preview:large, max-video-preview:-1\" \/>\n<link rel=\"canonical\" href=\"https:\/\/okulservisi.com.tr\/blog\/yardim\/\" \/>\n<meta property=\"og:locale\" content=\"tr_TR\" \/>\n<meta property=\"og:type\" content=\"article\" \/>\n<meta property=\"og:title\" content=\"Yard\u0131m - Okul Servisi Blog\" \/>\n<meta property=\"og:description\" content=\"Okul Servisi \/ Servis Konum Kullan\u0131m\u0131 i\u00e7in yap\u0131lmas\u0131 gerekenler Mobil Uygulama \u00dcye giri\u015fi yapt\u0131ktan sonra \u0130lk yapman\u0131z gereken Hizmet b\u00f6lgesi eklemektir. bunun i\u00e7in sayfan\u0131n en alt\u0131na bir talimat ekledik. Hizmet b\u00f6lgesi ekleyerek b\u00f6lgenizde servis arayanlar sizleri kolayl\u0131kla bulabilirler. unutmay\u0131n. hizmet vermedi\u011finiz b\u00f6lgeleri eklemeyiniz. hizmet b\u00f6lgesini eklemek i\u00e7in hizmet b\u00f6lgesi sekmesini kullabilirsiniz. servis konum hizmeti i\u00e7in [&hellip;]\" \/>\n<meta property=\"og:url\" content=\"https:\/\/okulservisi.com.tr\/blog\/yardim\/\" \/>\n<meta property=\"og:site_name\" content=\"Okul Servisi Blog\" \/>\n<meta property=\"article:publisher\" content=\"https:\/\/www.facebook.com\/serviskonum\" \/>\n<meta property=\"article:modified_time\" content=\"2022-11-22T20:17:32+00:00\" \/>\n<meta property=\"og:image\" content=\"https:\/\/okulservisi.com.tr\/blog\/wp-content\/uploads\/2022\/11\/image-473x1024.png\" \/>\n<meta name=\"twitter:card\" content=\"summary_large_image\" \/>\n<meta name=\"twitter:site\" content=\"@serviskonum\" \/>\n<meta name=\"twitter:label1\" content=\"Tahmini okuma s\u00fcresi\" \/>\n\t<meta name=\"twitter:data1\" content=\"4 dakika\" \/>\n<script type=\"application\/ld+json\" class=\"yoast-schema-graph\">{\"@context\":\"https:\/\/schema.org\",\"@graph\":[{\"@type\":\"WebPage\",\"@id\":\"https:\/\/okulservisi.com.tr\/blog\/yardim\/\",\"url\":\"https:\/\/okulservisi.com.tr\/blog\/yardim\/\",\"name\":\"Yard\u0131m - Okul Servisi Blog\",\"isPartOf\":{\"@id\":\"https:\/\/okulservisi.com.tr\/blog\/#website\"},\"datePublished\":\"2022-11-22T19:57:37+00:00\",\"dateModified\":\"2022-11-22T20:17:32+00:00\",\"breadcrumb\":{\"@id\":\"https:\/\/okulservisi.com.tr\/blog\/yardim\/#breadcrumb\"},\"inLanguage\":\"tr\",\"potentialAction\":[{\"@type\":\"ReadAction\",\"target\":[\"https:\/\/okulservisi.com.tr\/blog\/yardim\/\"]}]},{\"@type\":\"BreadcrumbList\",\"@id\":\"https:\/\/okulservisi.com.tr\/blog\/yardim\/#breadcrumb\",\"itemListElement\":[{\"@type\":\"ListItem\",\"position\":1,\"name\":\"Anasayfa\",\"item\":\"https:\/\/okulservisi.com.tr\/blog\/\"},{\"@type\":\"ListItem\",\"position\":2,\"name\":\"Yard\u0131m\"}]},{\"@type\":\"WebSite\",\"@id\":\"https:\/\/okulservisi.com.tr\/blog\/#website\",\"url\":\"https:\/\/okulservisi.com.tr\/blog\/\",\"name\":\"Okul Servisi Blog\",\"description\":\"Okul servisi standartlar\u0131n\u0131 olu\u015fturan arkas\u0131nda onlarca \u00e7al\u0131\u015fan\u0131 olan bir yazar gurubuyuz\",\"publisher\":{\"@id\":\"https:\/\/okulservisi.com.tr\/blog\/#organization\"},\"potentialAction\":[{\"@type\":\"SearchAction\",\"target\":{\"@type\":\"EntryPoint\",\"urlTemplate\":\"https:\/\/okulservisi.com.tr\/blog\/?s={search_term_string}\"},\"query-input\":\"required name=search_term_string\"}],\"inLanguage\":\"tr\"},{\"@type\":\"Organization\",\"@id\":\"https:\/\/okulservisi.com.tr\/blog\/#organization\",\"name\":\"Okul Servisi Blog\",\"url\":\"https:\/\/okulservisi.com.tr\/blog\/\",\"sameAs\":[\"https:\/\/www.facebook.com\/serviskonum\",\"https:\/\/twitter.com\/serviskonum\"],\"logo\":{\"@type\":\"ImageObject\",\"inLanguage\":\"tr\",\"@id\":\"https:\/\/okulservisi.com.tr\/blog\/#\/schema\/logo\/image\/\",\"url\":\"https:\/\/okulservisi.com.tr\/blog\/wp-content\/uploads\/2023\/09\/logo-2.png\",\"contentUrl\":\"https:\/\/okulservisi.com.tr\/blog\/wp-content\/uploads\/2023\/09\/logo-2.png\",\"width\":179,\"height\":49,\"caption\":\"Okul Servisi Blog\"},\"image\":{\"@id\":\"https:\/\/okulservisi.com.tr\/blog\/#\/schema\/logo\/image\/\"}}]}<\/script>\n<!-- \/ Yoast SEO plugin. -->","yoast_head_json":{"title":"Yard\u0131m - Okul Servisi Blog","robots":{"index":"index","follow":"follow","max-snippet":"max-snippet:-1","max-image-preview":"max-image-preview:large","max-video-preview":"max-video-preview:-1"},"canonical":"https:\/\/okulservisi.com.tr\/blog\/yardim\/","og_locale":"tr_TR","og_type":"article","og_title":"Yard\u0131m - Okul Servisi Blog","og_description":"Okul Servisi \/ Servis Konum Kullan\u0131m\u0131 i\u00e7in yap\u0131lmas\u0131 gerekenler Mobil Uygulama \u00dcye giri\u015fi yapt\u0131ktan sonra \u0130lk yapman\u0131z gereken Hizmet b\u00f6lgesi eklemektir. bunun i\u00e7in sayfan\u0131n en alt\u0131na bir talimat ekledik. Hizmet b\u00f6lgesi ekleyerek b\u00f6lgenizde servis arayanlar sizleri kolayl\u0131kla bulabilirler. unutmay\u0131n. hizmet vermedi\u011finiz b\u00f6lgeleri eklemeyiniz. hizmet b\u00f6lgesini eklemek i\u00e7in hizmet b\u00f6lgesi sekmesini kullabilirsiniz. servis konum hizmeti i\u00e7in [&hellip;]","og_url":"https:\/\/okulservisi.com.tr\/blog\/yardim\/","og_site_name":"Okul Servisi Blog","article_publisher":"https:\/\/www.facebook.com\/serviskonum","article_modified_time":"2022-11-22T20:17:32+00:00","og_image":[{"url":"https:\/\/okulservisi.com.tr\/blog\/wp-content\/uploads\/2022\/11\/image-473x1024.png"}],"twitter_card":"summary_large_image","twitter_site":"@serviskonum","twitter_misc":{"Tahmini okuma s\u00fcresi":"4 dakika"},"schema":{"@context":"https:\/\/schema.org","@graph":[{"@type":"WebPage","@id":"https:\/\/okulservisi.com.tr\/blog\/yardim\/","url":"https:\/\/okulservisi.com.tr\/blog\/yardim\/","name":"Yard\u0131m - Okul Servisi Blog","isPartOf":{"@id":"https:\/\/okulservisi.com.tr\/blog\/#website"},"datePublished":"2022-11-22T19:57:37+00:00","dateModified":"2022-11-22T20:17:32+00:00","breadcrumb":{"@id":"https:\/\/okulservisi.com.tr\/blog\/yardim\/#breadcrumb"},"inLanguage":"tr","potentialAction":[{"@type":"ReadAction","target":["https:\/\/okulservisi.com.tr\/blog\/yardim\/"]}]},{"@type":"BreadcrumbList","@id":"https:\/\/okulservisi.com.tr\/blog\/yardim\/#breadcrumb","itemListElement":[{"@type":"ListItem","position":1,"name":"Anasayfa","item":"https:\/\/okulservisi.com.tr\/blog\/"},{"@type":"ListItem","position":2,"name":"Yard\u0131m"}]},{"@type":"WebSite","@id":"https:\/\/okulservisi.com.tr\/blog\/#website","url":"https:\/\/okulservisi.com.tr\/blog\/","name":"Okul Servisi Blog","description":"Okul servisi standartlar\u0131n\u0131 olu\u015fturan arkas\u0131nda onlarca \u00e7al\u0131\u015fan\u0131 olan bir yazar gurubuyuz","publisher":{"@id":"https:\/\/okulservisi.com.tr\/blog\/#organization"},"potentialAction":[{"@type":"SearchAction","target":{"@type":"EntryPoint","urlTemplate":"https:\/\/okulservisi.com.tr\/blog\/?s={search_term_string}"},"query-input":"required name=search_term_string"}],"inLanguage":"tr"},{"@type":"Organization","@id":"https:\/\/okulservisi.com.tr\/blog\/#organization","name":"Okul Servisi Blog","url":"https:\/\/okulservisi.com.tr\/blog\/","sameAs":["https:\/\/www.facebook.com\/serviskonum","https:\/\/twitter.com\/serviskonum"],"logo":{"@type":"ImageObject","inLanguage":"tr","@id":"https:\/\/okulservisi.com.tr\/blog\/#\/schema\/logo\/image\/","url":"https:\/\/okulservisi.com.tr\/blog\/wp-content\/uploads\/2023\/09\/logo-2.png","contentUrl":"https:\/\/okulservisi.com.tr\/blog\/wp-content\/uploads\/2023\/09\/logo-2.png","width":179,"height":49,"caption":"Okul Servisi Blog"},"image":{"@id":"https:\/\/okulservisi.com.tr\/blog\/#\/schema\/logo\/image\/"}}]}},"amp_enabled":true,"_links":{"self":[{"href":"https:\/\/okulservisi.com.tr\/blog\/wp-json\/wp\/v2\/pages\/22","targetHints":{"allow":["GET"]}}],"collection":[{"href":"https:\/\/okulservisi.com.tr\/blog\/wp-json\/wp\/v2\/pages"}],"about":[{"href":"https:\/\/okulservisi.com.tr\/blog\/wp-json\/wp\/v2\/types\/page"}],"author":[{"embeddable":true,"href":"https:\/\/okulservisi.com.tr\/blog\/wp-json\/wp\/v2\/users\/1"}],"replies":[{"embeddable":true,"href":"https:\/\/okulservisi.com.tr\/blog\/wp-json\/wp\/v2\/comments?post=22"}],"version-history":[{"count":4,"href":"https:\/\/okulservisi.com.tr\/blog\/wp-json\/wp\/v2\/pages\/22\/revisions"}],"predecessor-version":[{"id":39,"href":"https:\/\/okulservisi.com.tr\/blog\/wp-json\/wp\/v2\/pages\/22\/revisions\/39"}],"wp:featuredmedia":[{"embeddable":true,"href":"https:\/\/okulservisi.com.tr\/blog\/wp-json\/wp\/v2\/media\/11"}],"wp:attachment":[{"href":"https:\/\/okulservisi.com.tr\/blog\/wp-json\/wp\/v2\/media?parent=22"}],"curies":[{"name":"wp","href":"https:\/\/api.w.org\/{rel}","templated":true}]}}